{"id":400,"date":"2025-02-27T20:20:24","date_gmt":"2025-02-27T20:20:24","guid":{"rendered":"https:\/\/nobleunicom.co.mz\/?page_id=400"},"modified":"2025-06-11T14:41:40","modified_gmt":"2025-06-11T14:41:40","slug":"fleetdone","status":"publish","type":"page","link":"https:\/\/nobleunicom.co.mz\/pt\/fleetdone\/","title":{"rendered":"FleetDone"},"content":{"rendered":"<body>\t\t<div data-elementor-type=\"wp-page\" data-elementor-id=\"400\" class=\"elementor elementor-400\" data-elementor-post-type=\"page\">\n\t\t\t\t\t\t<section class=\"elementor-section elementor-top-section elementor-element elementor-element-91c2944 elementor-section-full_width elementor-section-stretched elementor-section-height-default elementor-section-height-default elementor-invisible\" data-id=\"91c2944\" data-element_type=\"section\" data-e-type=\"section\" data-settings='{\"stretch_section\":\"section-stretched\",\"animation\":\"fadeIn\"}'>\n\t\t\t\t\t\t<div class=\"elementor-container elementor-column-gap-no\">\n\t\t\t\t\t<div class=\"elementor-column elementor-col-100 elementor-top-column elementor-element elementor-element-7b9bec3\" data-id=\"7b9bec3\" data-element_type=\"column\" data-e-type=\"column\">\n\t\t\t<div class=\"elementor-widget-wrap elementor-element-populated\">\n\t\t\t\t\t\t<div class=\"elementor-element elementor-element-61847f1 elementor--h-position-center elementor--v-position-middle elementor-arrows-position-inside elementor-pagination-position-inside elementor-widget elementor-widget-slides\" data-id=\"61847f1\" data-element_type=\"widget\" data-e-type=\"widget\" data-settings='{\"navigation\":\"both\",\"autoplay\":\"yes\",\"pause_on_hover\":\"yes\",\"pause_on_interaction\":\"yes\",\"autoplay_speed\":5000,\"infinite\":\"yes\",\"transition\":\"slide\",\"transition_speed\":500}' data-widget_type=\"slides.default\">\n\t\t\t\t<div class=\"elementor-widget-container\">\n\t\t\t\t\t\t\t\t\t<div class=\"elementor-swiper\">\n\t\t\t\t\t<div class=\"elementor-slides-wrapper elementor-main-swiper swiper\" role=\"region\" aria-roledescription=\"carousel\" aria-label=\"Slides\" dir=\"ltr\" data-animation=\"fadeInRight\">\n\t\t\t\t<div class=\"swiper-wrapper elementor-slides\">\n\t\t\t\t\t\t\t\t\t\t<div class=\"elementor-repeater-item-2266408 swiper-slide\" role=\"group\" aria-roledescription=\"slide\"><div class=\"swiper-slide-bg\" role=\"img\" aria-label=\"FLYAER-WEB-2\"><\/div><div class=\"swiper-slide-inner\"><div class=\"swiper-slide-contents\"><\/div><\/div><\/div>\t\t\t\t<\/div>\n\t\t\t\t\t\t\t<\/div>\n\t\t\t\t<\/div>\n\t\t\t\t\t\t\t\t<\/div>\n\t\t\t\t<\/div>\n\t\t\t\t\t<\/div>\n\t\t<\/div>\n\t\t\t\t\t<\/div>\n\t\t<\/section>\n\t\t\t\t<section class=\"elementor-section elementor-top-section elementor-element elementor-element-183c564 elementor-section-stretched animated-slow elementor-section-boxed elementor-section-height-default elementor-section-height-default elementor-invisible\" data-id=\"183c564\" data-element_type=\"section\" data-e-type=\"section\" data-settings='{\"stretch_section\":\"section-stretched\",\"animation\":\"fadeIn\",\"animation_delay\":300}'>\n\t\t\t\t\t\t\t<div class=\"elementor-background-overlay\"><\/div>\n\t\t\t\t\t\t\t<div class=\"elementor-container elementor-column-gap-default\">\n\t\t\t\t\t<div class=\"elementor-column elementor-col-50 elementor-top-column elementor-element elementor-element-c8d5bf1\" data-id=\"c8d5bf1\" data-element_type=\"column\" data-e-type=\"column\">\n\t\t\t<div class=\"elementor-widget-wrap elementor-element-populated\">\n\t\t\t\t\t\t<div class=\"elementor-element elementor-element-43110f2 elementor-widget elementor-widget-heading\" data-id=\"43110f2\" data-element_type=\"widget\" data-e-type=\"widget\" data-widget_type=\"heading.default\">\n\t\t\t\t<div class=\"elementor-widget-container\">\n\t\t\t\t\t<h2 class=\"elementor-heading-title elementor-size-default\">Sobre a FleetDone<\/h2>\t\t\t\t<\/div>\n\t\t\t\t<\/div>\n\t\t\t\t<div class=\"elementor-element elementor-element-f6f71af elementor-widget-divider--separator-type-pattern elementor-widget-divider--no-spacing elementor-widget-divider--view-line elementor-widget elementor-widget-divider\" data-id=\"f6f71af\" data-element_type=\"widget\" data-e-type=\"widget\" data-widget_type=\"divider.default\">\n\t\t\t\t<div class=\"elementor-widget-container\">\n\t\t\t\t\t\t\t<div class=\"elementor-divider\" style=\"--divider-pattern-url: url(&quot;data:image\/svg+xml,%3Csvg xmlns='http:\/\/www.w3.org\/2000\/svg' preserveAspectRatio='xMidYMid meet' overflow='visible' height='100%' viewBox='0 0 126 26' fill='black' stroke='none'%3E%3Cpath d='M46.8,7.8v11.5L36,18.6V7.8H46.8z M82.4,7.8L84,18.6l-12,0.7L70.4,7.8H82.4z M0,7.8l12,0.9v9.9H1.3L0,7.8z M30,7.8v10.8H19L18,7.8H30z M63.7,7.8L66,18.6H54V9.5L63.7,7.8z M89.8,7L102,7.8v10.8H91.2L89.8,7zM108,7.8l12,0.9v8.9l-12,1V7.8z'\/%3E%3C\/svg%3E&quot;);\">\n\t\t\t<span class=\"elementor-divider-separator\">\n\t\t\t\t\t\t<\/span>\n\t\t<\/div>\n\t\t\t\t\t\t<\/div>\n\t\t\t\t<\/div>\n\t\t\t\t<div class=\"elementor-element elementor-element-30cd1d6 elementor-widget elementor-widget-text-editor\" data-id=\"30cd1d6\" data-element_type=\"widget\" data-e-type=\"widget\" data-widget_type=\"text-editor.default\">\n\t\t\t\t<div class=\"elementor-widget-container\">\n\t\t\t\t\t\t\t\t\t<p style=\"text-align: justify;\">A FleetDone, LDA foi fundada em 2024 pela NOBLE UNICOM. A FleetDone se destaca no fornecimento de pe\u00e7as automotivas para caminh\u00f5es, especificamente para a marca SINOTRUK. Nossa miss\u00e3o \u00e9 oferecer solu\u00e7\u00f5es completas e servi\u00e7os de alta qualidade para a ind\u00fastria de transporte. Contamos com uma ampla gama de pe\u00e7as automotivas para caminh\u00f5es, incluindo freios, suspens\u00f5es e muito mais.<\/p><p style=\"text-align: justify;\">Nossa localiza\u00e7\u00e3o \u00e9 estrat\u00e9gica para facilitar o acesso aos clientes. A FleetDone est\u00e1 localizada em Zimpeto (Est\u00e1dio), Av. de Mo\u00e7ambique (Em frente \u00e0 esta\u00e7\u00e3o policial).<\/p>\t\t\t\t\t\t\t\t<\/div>\n\t\t\t\t<\/div>\n\t\t\t\t\t<\/div>\n\t\t<\/div>\n\t\t\t\t<div class=\"elementor-column elementor-col-50 elementor-top-column elementor-element elementor-element-afe587d\" data-id=\"afe587d\" data-element_type=\"column\" data-e-type=\"column\">\n\t\t\t<div class=\"elementor-widget-wrap elementor-element-populated\">\n\t\t\t\t\t\t<div class=\"elementor-element elementor-element-c58c98b elementor-widget elementor-widget-image\" data-id=\"c58c98b\" data-element_type=\"widget\" data-e-type=\"widget\" data-widget_type=\"image.default\">\n\t\t\t\t<div class=\"elementor-widget-container\">\n\t\t\t\t\t\t\t\t\t\t\t\t\t\t\t<img decoding=\"async\" src=\"https:\/\/nobleunicom.co.mz\/wp-content\/uploads\/elementor\/thumbs\/post-web-r6idoljkk40sp5cihxzhvscci1mfajsgojbxwuiir4.webp\" title=\"post-web.png\" alt=\"post-web.png\" loading=\"lazy\">\t\t\t\t\t\t\t\t\t\t\t\t\t\t\t<\/div>\n\t\t\t\t<\/div>\n\t\t\t\t\t<\/div>\n\t\t<\/div>\n\t\t\t\t\t<\/div>\n\t\t<\/section>\n\t\t\t\t<section class=\"elementor-section elementor-top-section elementor-element elementor-element-cc1ca20 elementor-section-stretched elementor-section-boxed elementor-section-height-default elementor-section-height-default\" data-id=\"cc1ca20\" data-element_type=\"section\" data-e-type=\"section\" data-settings='{\"background_background\":\"classic\",\"stretch_section\":\"section-stretched\"}'>\n\t\t\t\t\t\t\t<div class=\"elementor-background-overlay\"><\/div>\n\t\t\t\t\t\t\t<div class=\"elementor-container elementor-column-gap-no\">\n\t\t\t\t\t<div class=\"elementor-column elementor-col-100 elementor-top-column elementor-element elementor-element-a4bd970\" data-id=\"a4bd970\" data-element_type=\"column\" data-e-type=\"column\" data-settings='{\"background_background\":\"classic\"}'>\n\t\t\t<div class=\"elementor-widget-wrap elementor-element-populated\">\n\t\t\t\t\t\t<section class=\"elementor-section elementor-inner-section elementor-element elementor-element-96d43df elementor-section-boxed elementor-section-height-default elementor-section-height-default\" data-id=\"96d43df\" data-element_type=\"section\" data-e-type=\"section\">\n\t\t\t\t\t\t<div class=\"elementor-container elementor-column-gap-no\">\n\t\t\t\t\t<div class=\"elementor-column elementor-col-100 elementor-inner-column elementor-element elementor-element-b56f070\" data-id=\"b56f070\" data-element_type=\"column\" data-e-type=\"column\">\n\t\t\t<div class=\"elementor-widget-wrap elementor-element-populated\">\n\t\t\t\t\t\t<div class=\"elementor-element elementor-element-a055030 elementor-widget-divider--view-line elementor-widget elementor-widget-divider\" data-id=\"a055030\" data-element_type=\"widget\" data-e-type=\"widget\" data-widget_type=\"divider.default\">\n\t\t\t\t<div class=\"elementor-widget-container\">\n\t\t\t\t\t\t\t<div class=\"elementor-divider\">\n\t\t\t<span class=\"elementor-divider-separator\">\n\t\t\t\t\t\t<\/span>\n\t\t<\/div>\n\t\t\t\t\t\t<\/div>\n\t\t\t\t<\/div>\n\t\t\t\t\t<\/div>\n\t\t<\/div>\n\t\t\t\t\t<\/div>\n\t\t<\/section>\n\t\t\t\t\t<\/div>\n\t\t<\/div>\n\t\t\t\t\t<\/div>\n\t\t<\/section>\n\t\t\t\t<\/div>\n\t\t<\/body>","protected":false},"excerpt":{"rendered":"<p>About FleetDone FleetDone, LDA was founded in 2024 by NOBLE UNICOM. FleetDone stands out in the supply of auto parts for trucks specifically for the SINOTRUK brand. Our mission is to offer complete solutions and high-quality service to the transportation industry. We have a wide range of auto parts for trucks, including brakes, suspensions, and [&hellip;]<\/p>\n","protected":false},"author":2,"featured_media":0,"parent":0,"menu_order":0,"comment_status":"closed","ping_status":"closed","template":"","meta":{"nf_dc_page":"","_crdt_document":"","footnotes":""},"class_list":["post-400","page","type-page","status-publish","hentry"],"yoast_head":"<!-- This site is optimized with the Yoast SEO plugin v27.2 - https:\/\/yoast.com\/product\/yoast-seo-wordpress\/ -->\n<title>FleetDone - Noble Unicom<\/title>\n<meta name=\"robots\" content=\"index, follow, max-snippet:-1, max-image-preview:large, max-video-preview:-1\" \/>\n<link rel=\"canonical\" href=\"https:\/\/www.nobleunicom.nobleholdings.co.mz\/en\/fleetdone\/\" \/>\n<meta property=\"og:locale\" content=\"pt_PT\" \/>\n<meta property=\"og:type\" content=\"article\" \/>\n<meta property=\"og:title\" content=\"FleetDone - Noble Unicom\" \/>\n<meta property=\"og:description\" content=\"About FleetDone FleetDone, LDA was founded in 2024 by NOBLE UNICOM. FleetDone stands out in the supply of auto parts for trucks specifically for the SINOTRUK brand. Our mission is to offer complete solutions and high-quality service to the transportation industry. We have a wide range of auto parts for trucks, including brakes, suspensions, and [&hellip;]\" \/>\n<meta property=\"og:url\" content=\"https:\/\/www.nobleunicom.nobleholdings.co.mz\/en\/fleetdone\/\" \/>\n<meta property=\"og:site_name\" content=\"Noble Unicom\" \/>\n<meta property=\"article:modified_time\" content=\"2025-06-11T14:41:40+00:00\" \/>\n<meta property=\"og:image\" content=\"https:\/\/nobleunicom.co.mz\/wp-content\/uploads\/elementor\/thumbs\/post-web-r6idoljkk40sp5cihxzhvscci1mfajsgojbxwuiir4.webp\" \/>\n<meta name=\"twitter:card\" content=\"summary_large_image\" \/>\n<meta name=\"twitter:label1\" content=\"Tempo estimado de leitura\" \/>\n\t<meta name=\"twitter:data1\" content=\"1 minuto\" \/>\n<script type=\"application\/ld+json\" class=\"yoast-schema-graph\">{\"@context\":\"https:\/\/schema.org\",\"@graph\":[{\"@type\":\"WebPage\",\"@id\":\"https:\/\/www.nobleunicom.nobleholdings.co.mz\/en\/fleetdone\/\",\"url\":\"https:\/\/www.nobleunicom.nobleholdings.co.mz\/en\/fleetdone\/\",\"name\":\"FleetDone - Noble Unicom\",\"isPartOf\":{\"@id\":\"https:\/\/nobleunicom.co.mz\/pt\/#website\"},\"primaryImageOfPage\":{\"@id\":\"https:\/\/www.nobleunicom.nobleholdings.co.mz\/en\/fleetdone\/#primaryimage\"},\"image\":{\"@id\":\"https:\/\/www.nobleunicom.nobleholdings.co.mz\/en\/fleetdone\/#primaryimage\"},\"thumbnailUrl\":\"https:\/\/nobleunicom.co.mz\/wp-content\/uploads\/elementor\/thumbs\/post-web-r6idoljkk40sp5cihxzhvscci1mfajsgojbxwuiir4.webp\",\"datePublished\":\"2025-02-27T20:20:24+00:00\",\"dateModified\":\"2025-06-11T14:41:40+00:00\",\"breadcrumb\":{\"@id\":\"https:\/\/www.nobleunicom.nobleholdings.co.mz\/en\/fleetdone\/#breadcrumb\"},\"inLanguage\":\"pt-PT\",\"potentialAction\":[{\"@type\":\"ReadAction\",\"target\":[\"https:\/\/www.nobleunicom.nobleholdings.co.mz\/en\/fleetdone\/\"]}]},{\"@type\":\"ImageObject\",\"inLanguage\":\"pt-PT\",\"@id\":\"https:\/\/www.nobleunicom.nobleholdings.co.mz\/en\/fleetdone\/#primaryimage\",\"url\":\"https:\/\/nobleunicom.co.mz\/wp-content\/uploads\/elementor\/thumbs\/post-web-r6idoljkk40sp5cihxzhvscci1mfajsgojbxwuiir4.webp\",\"contentUrl\":\"https:\/\/nobleunicom.co.mz\/wp-content\/uploads\/elementor\/thumbs\/post-web-r6idoljkk40sp5cihxzhvscci1mfajsgojbxwuiir4.webp\"},{\"@type\":\"BreadcrumbList\",\"@id\":\"https:\/\/www.nobleunicom.nobleholdings.co.mz\/en\/fleetdone\/#breadcrumb\",\"itemListElement\":[{\"@type\":\"ListItem\",\"position\":1,\"name\":\"Home\",\"item\":\"https:\/\/nobleunicom.co.mz\/pt\/\"},{\"@type\":\"ListItem\",\"position\":2,\"name\":\"FleetDone\"}]},{\"@type\":\"WebSite\",\"@id\":\"https:\/\/nobleunicom.co.mz\/pt\/#website\",\"url\":\"https:\/\/nobleunicom.co.mz\/pt\/\",\"name\":\"Noble Unicom\",\"description\":\"\",\"publisher\":{\"@id\":\"https:\/\/nobleunicom.co.mz\/pt\/#organization\"},\"potentialAction\":[{\"@type\":\"SearchAction\",\"target\":{\"@type\":\"EntryPoint\",\"urlTemplate\":\"https:\/\/nobleunicom.co.mz\/pt\/?s={search_term_string}\"},\"query-input\":{\"@type\":\"PropertyValueSpecification\",\"valueRequired\":true,\"valueName\":\"search_term_string\"}}],\"inLanguage\":\"pt-PT\"},{\"@type\":\"Organization\",\"@id\":\"https:\/\/nobleunicom.co.mz\/pt\/#organization\",\"name\":\"Noble Unicom\",\"url\":\"https:\/\/nobleunicom.co.mz\/pt\/\",\"logo\":{\"@type\":\"ImageObject\",\"inLanguage\":\"pt-PT\",\"@id\":\"https:\/\/nobleunicom.co.mz\/pt\/#\/schema\/logo\/image\/\",\"url\":\"https:\/\/nobleunicom.co.mz\/wp-content\/uploads\/2025\/02\/cropped-logo-1-Copy-Copy.webp\",\"contentUrl\":\"https:\/\/nobleunicom.co.mz\/wp-content\/uploads\/2025\/02\/cropped-logo-1-Copy-Copy.webp\",\"width\":143,\"height\":47,\"caption\":\"Noble Unicom\"},\"image\":{\"@id\":\"https:\/\/nobleunicom.co.mz\/pt\/#\/schema\/logo\/image\/\"}}]}<\/script>\n<!-- \/ Yoast SEO plugin. -->","yoast_head_json":{"title":"FleetDone - Noble Unicom","robots":{"index":"index","follow":"follow","max-snippet":"max-snippet:-1","max-image-preview":"max-image-preview:large","max-video-preview":"max-video-preview:-1"},"canonical":"https:\/\/www.nobleunicom.nobleholdings.co.mz\/en\/fleetdone\/","og_locale":"pt_PT","og_type":"article","og_title":"FleetDone - Noble Unicom","og_description":"About FleetDone FleetDone, LDA was founded in 2024 by NOBLE UNICOM. FleetDone stands out in the supply of auto parts for trucks specifically for the SINOTRUK brand. Our mission is to offer complete solutions and high-quality service to the transportation industry. We have a wide range of auto parts for trucks, including brakes, suspensions, and [&hellip;]","og_url":"https:\/\/www.nobleunicom.nobleholdings.co.mz\/en\/fleetdone\/","og_site_name":"Noble Unicom","article_modified_time":"2025-06-11T14:41:40+00:00","og_image":[{"url":"https:\/\/nobleunicom.co.mz\/wp-content\/uploads\/elementor\/thumbs\/post-web-r6idoljkk40sp5cihxzhvscci1mfajsgojbxwuiir4.webp","type":"","width":"","height":""}],"twitter_card":"summary_large_image","twitter_misc":{"Tempo estimado de leitura":"1 minuto"},"schema":{"@context":"https:\/\/schema.org","@graph":[{"@type":"WebPage","@id":"https:\/\/www.nobleunicom.nobleholdings.co.mz\/en\/fleetdone\/","url":"https:\/\/www.nobleunicom.nobleholdings.co.mz\/en\/fleetdone\/","name":"FleetDone - Noble Unicom","isPartOf":{"@id":"https:\/\/nobleunicom.co.mz\/pt\/#website"},"primaryImageOfPage":{"@id":"https:\/\/www.nobleunicom.nobleholdings.co.mz\/en\/fleetdone\/#primaryimage"},"image":{"@id":"https:\/\/www.nobleunicom.nobleholdings.co.mz\/en\/fleetdone\/#primaryimage"},"thumbnailUrl":"https:\/\/nobleunicom.co.mz\/wp-content\/uploads\/elementor\/thumbs\/post-web-r6idoljkk40sp5cihxzhvscci1mfajsgojbxwuiir4.webp","datePublished":"2025-02-27T20:20:24+00:00","dateModified":"2025-06-11T14:41:40+00:00","breadcrumb":{"@id":"https:\/\/www.nobleunicom.nobleholdings.co.mz\/en\/fleetdone\/#breadcrumb"},"inLanguage":"pt-PT","potentialAction":[{"@type":"ReadAction","target":["https:\/\/www.nobleunicom.nobleholdings.co.mz\/en\/fleetdone\/"]}]},{"@type":"ImageObject","inLanguage":"pt-PT","@id":"https:\/\/www.nobleunicom.nobleholdings.co.mz\/en\/fleetdone\/#primaryimage","url":"https:\/\/nobleunicom.co.mz\/wp-content\/uploads\/elementor\/thumbs\/post-web-r6idoljkk40sp5cihxzhvscci1mfajsgojbxwuiir4.webp","contentUrl":"https:\/\/nobleunicom.co.mz\/wp-content\/uploads\/elementor\/thumbs\/post-web-r6idoljkk40sp5cihxzhvscci1mfajsgojbxwuiir4.webp"},{"@type":"BreadcrumbList","@id":"https:\/\/www.nobleunicom.nobleholdings.co.mz\/en\/fleetdone\/#breadcrumb","itemListElement":[{"@type":"ListItem","position":1,"name":"Home","item":"https:\/\/nobleunicom.co.mz\/pt\/"},{"@type":"ListItem","position":2,"name":"FleetDone"}]},{"@type":"WebSite","@id":"https:\/\/nobleunicom.co.mz\/pt\/#website","url":"https:\/\/nobleunicom.co.mz\/pt\/","name":"Visit Noble Unicom","description":"","publisher":{"@id":"https:\/\/nobleunicom.co.mz\/pt\/#organization"},"potentialAction":[{"@type":"SearchAction","target":{"@type":"EntryPoint","urlTemplate":"https:\/\/nobleunicom.co.mz\/pt\/?s={search_term_string}"},"query-input":{"@type":"PropertyValueSpecification","valueRequired":true,"valueName":"search_term_string"}}],"inLanguage":"pt-PT"},{"@type":"Organization","@id":"https:\/\/nobleunicom.co.mz\/pt\/#organization","name":"Visit Noble Unicom","url":"https:\/\/nobleunicom.co.mz\/pt\/","logo":{"@type":"ImageObject","inLanguage":"pt-PT","@id":"https:\/\/nobleunicom.co.mz\/pt\/#\/schema\/logo\/image\/","url":"https:\/\/nobleunicom.co.mz\/wp-content\/uploads\/2025\/02\/cropped-logo-1-Copy-Copy.webp","contentUrl":"https:\/\/nobleunicom.co.mz\/wp-content\/uploads\/2025\/02\/cropped-logo-1-Copy-Copy.webp","width":143,"height":47,"caption":"Noble Unicom"},"image":{"@id":"https:\/\/nobleunicom.co.mz\/pt\/#\/schema\/logo\/image\/"}}]}},"_links":{"self":[{"href":"https:\/\/nobleunicom.co.mz\/pt\/wp-json\/wp\/v2\/pages\/400","targetHints":{"allow":["GET"]}}],"collection":[{"href":"https:\/\/nobleunicom.co.mz\/pt\/wp-json\/wp\/v2\/pages"}],"about":[{"href":"https:\/\/nobleunicom.co.mz\/pt\/wp-json\/wp\/v2\/types\/page"}],"author":[{"embeddable":true,"href":"https:\/\/nobleunicom.co.mz\/pt\/wp-json\/wp\/v2\/users\/2"}],"replies":[{"embeddable":true,"href":"https:\/\/nobleunicom.co.mz\/pt\/wp-json\/wp\/v2\/comments?post=400"}],"version-history":[{"count":5,"href":"https:\/\/nobleunicom.co.mz\/pt\/wp-json\/wp\/v2\/pages\/400\/revisions"}],"predecessor-version":[{"id":19006,"href":"https:\/\/nobleunicom.co.mz\/pt\/wp-json\/wp\/v2\/pages\/400\/revisions\/19006"}],"wp:attachment":[{"href":"https:\/\/nobleunicom.co.mz\/pt\/wp-json\/wp\/v2\/media?parent=400"}],"curies":[{"name":"wp","href":"https:\/\/api.w.org\/{rel}","templated":true}]}}